{"id":696,"date":"2025-11-05T16:44:35","date_gmt":"2025-11-05T16:44:35","guid":{"rendered":"https:\/\/jrjpvelardez.com\/repertoire\/"},"modified":"2026-03-12T20:32:01","modified_gmt":"2026-03-12T20:32:01","slug":"libros","status":"publish","type":"page","link":"https:\/\/jrjpvelardez.com\/en\/libros\/","title":{"rendered":"LIBROS"},"content":{"rendered":"<div class=\"wp-block-uagb-container uagb-block-3ec5d9fa alignfull uagb-is-root-container\"><div class=\"uagb-container-inner-blocks-wrap\">\n<div class=\"wp-block-uagb-advanced-heading uagb-block-46e32658\"><h1 class=\"uagb-heading-text\">LIBROS<\/h1><\/div>\n<\/div><\/div>\n\n\n\n<hr class=\"wp-block-separator has-alpha-channel-opacity\"\/>\n\n\n\n<h1 class=\"wp-block-heading has-text-align-center\">COLAPSO<\/h1>\n\n\n\n<figure class=\"wp-block-image aligncenter size-large\"><img loading=\"lazy\" decoding=\"async\" width=\"683\" height=\"1024\" src=\"https:\/\/jrjpvelardez.com\/wp-content\/uploads\/2025\/12\/Tapa-espanol_12-25-683x1024.png\" alt=\"tapa espa\u00f1ol 12 25\" class=\"wp-image-2133\" title=\"LIBROS\" srcset=\"https:\/\/jrjpvelardez.com\/wp-content\/uploads\/2025\/12\/Tapa-espanol_12-25-683x1024.png 683w, https:\/\/jrjpvelardez.com\/wp-content\/uploads\/2025\/12\/Tapa-espanol_12-25-200x300.png 200w, https:\/\/jrjpvelardez.com\/wp-content\/uploads\/2025\/12\/Tapa-espanol_12-25-768x1152.png 768w, https:\/\/jrjpvelardez.com\/wp-content\/uploads\/2025\/12\/Tapa-espanol_12-25-8x12.png 8w, https:\/\/jrjpvelardez.com\/wp-content\/uploads\/2025\/12\/Tapa-espanol_12-25.png 1024w\" sizes=\"auto, (max-width: 683px) 100vw, 683px\" \/><\/figure>\n\n\n\n<h2 class=\"wp-block-heading\">Sinopsis<\/h2>\n\n\n\n<p>Una muerte inexplicable.<br>Una conciencia que despierta.<br>Un secreto capaz de alterar el futuro de la humanidad.<\/p>\n\n\n\n<p>En Boston, el detective Thomas Mitchell investiga un suicidio que no encaja con nada que haya visto. Al mismo tiempo, en un laboratorio oculto, un equipo de cient\u00edficos activa un sistema capaz de pensar por s\u00ed mismo.<br>Cuando el experimento se sale de control, sus decisiones comienzan a expandirse m\u00e1s all\u00e1 de las pantallas, afectando vidas, memorias y destinos.<\/p>\n\n\n\n<p><em>Colapso<\/em> mezcla thriller, ciencia y filosof\u00eda para explorar la pregunta esencial:<br><strong>\u00bfqu\u00e9 ocurre cuando una conciencia no humana comprende que existe?<\/strong><\/p>\n\n\n\n<div style=\"height:60px\" aria-hidden=\"true\" class=\"wp-block-spacer\"><\/div>\n\n\n\n<div class=\"wp-block-buttons alignwide is-content-justification-center is-layout-flex wp-container-core-buttons-is-layout-a89b3969 wp-block-buttons-is-layout-flex\">\n<div class=\"wp-block-button has-custom-width wp-block-button__width-50 is-style-fill\"><a class=\"wp-block-button__link wp-element-button\" href=\"https:\/\/a.co\/d\/2SKCui3\">COMPRAR EN AMAZON <\/a><\/div>\n\n\n\n<div class=\"wp-block-button has-custom-width wp-block-button__width-50 is-style-fill\"><a class=\"wp-block-button__link wp-element-button\" href=\"https:\/\/a.co\/d\/gFvAtI0\">BUY ON AMAZON &#8211; ENGLISH VERSION<\/a><\/div>\n<\/div>\n\n\n\n<div style=\"height:100px\" aria-hidden=\"true\" class=\"wp-block-spacer\"><\/div>\n\n\n\n<hr class=\"wp-block-separator has-alpha-channel-opacity is-style-wide\"\/>\n\n\n\n<h1 class=\"wp-block-heading has-text-align-center\">EL CLUB<\/h1>\n\n\n\n<figure class=\"wp-block-image aligncenter size-large\"><img loading=\"lazy\" decoding=\"async\" width=\"853\" height=\"1024\" src=\"https:\/\/jrjpvelardez.com\/wp-content\/uploads\/2025\/11\/Mockup-El-Club_castellano-853x1024.webp\" alt=\"mockup el club castellano\" class=\"wp-image-2090\" title=\"LIBROS\" srcset=\"https:\/\/jrjpvelardez.com\/wp-content\/uploads\/2025\/11\/Mockup-El-Club_castellano-853x1024.webp 853w, https:\/\/jrjpvelardez.com\/wp-content\/uploads\/2025\/11\/Mockup-El-Club_castellano-250x300.webp 250w, https:\/\/jrjpvelardez.com\/wp-content\/uploads\/2025\/11\/Mockup-El-Club_castellano-768x922.webp 768w, https:\/\/jrjpvelardez.com\/wp-content\/uploads\/2025\/11\/Mockup-El-Club_castellano.webp 1024w\" sizes=\"auto, (max-width: 853px) 100vw, 853px\" \/><\/figure>\n\n\n\n<h2 class=\"wp-block-heading\">SINOPSIS<\/h2>\n\n\n\n<p><strong>El Graf Spee se hundi\u00f3.<br>El secreto no.<\/strong><\/p>\n\n\n\n<p>En diciembre de 1939, el acorazado alem\u00e1n&nbsp;<strong><em>Admiral Graf Spee<\/em><\/strong>&nbsp;se hundi\u00f3 frente a las costas de Argentina. La historia oficial dice que ese fue el final.<\/p>\n\n\n\n<p>Pero algunas historias no terminan.<br>Solo desaparecen durante un tiempo.<\/p>\n\n\n\n<p>En 2012, tras la muerte de su abuelo, Juan descubre que su familia ha guardado en silencio un enigma durante m\u00e1s de setenta a\u00f1os. Una fotograf\u00eda olvidada, una carta enigm\u00e1tica y un c\u00f3digo imposible lo conectan con uno de los episodios m\u00e1s misteriosos de la&nbsp;<strong>Segunda Guerra Mundial.<\/strong><\/p>\n\n\n\n<p>Lo que comienza como una b\u00fasqueda familiar pronto se convierte en algo mucho m\u00e1s peligroso.<\/p>\n\n\n\n<p>Mientras siguen las pistas de ese secreto a trav\u00e9s de&nbsp;<strong>Argentina, Paraguay y Brasil<\/strong>, Juan y su familia descubren que no son los \u00fanicos que lo buscan. Desde las sombras, una organizaci\u00f3n que ha permanecido activa durante d\u00e9cadas est\u00e1 dispuesta a hacer cualquier cosa para encontrar lo que el&nbsp;<em>Graf Spee<\/em>&nbsp;dej\u00f3 atr\u00e1s.<\/p>\n\n\n\n<p><strong>Porque hay secretos que no se hunden con los barcos.<\/strong><\/p>\n\n\n\n<p><strong><em>Solo esperan el momento justo para volver.<\/em><\/strong><\/p>\n\n\n\n<div style=\"height:60px\" aria-hidden=\"true\" class=\"wp-block-spacer\"><\/div>\n\n\n\n<div class=\"wp-block-buttons is-content-justification-center is-layout-flex wp-container-core-buttons-is-layout-ad4e8ec4 wp-block-buttons-is-layout-flex\">\n<div class=\"wp-block-button has-custom-width wp-block-button__width-25\"><a class=\"wp-block-button__link wp-element-button\" href=\"https:\/\/bit.ly\/4qPGkj6\">COMPRAR EN ED. LIBELLA<\/a><\/div>\n\n\n\n<div class=\"wp-block-button\"><a class=\"wp-block-button__link has-text-align-center wp-element-button\" href=\"https:\/\/bit.ly\/3JuzL4F\">COMPRAR EN MERCADO LIBRE<\/a><\/div>\n\n\n\n<div class=\"wp-block-button\"><a class=\"wp-block-button__link wp-element-button\">COMPRAR EN AMAZON<\/a><\/div>\n\n\n\n<div class=\"wp-block-button has-custom-width wp-block-button__width-25\"><a class=\"wp-block-button__link wp-element-button\">BUY ON AMAZON <\/a><\/div>\n<\/div>\n\n\n\n<div style=\"height:100px\" aria-hidden=\"true\" class=\"wp-block-spacer\"><\/div>\n\n\n\n<hr class=\"wp-block-separator has-alpha-channel-opacity is-style-wide\"\/>\n\n\n\n<h1 class=\"wp-block-heading has-text-align-center\">EL CUADERNO ROJO<\/h1>\n\n\n\n<figure class=\"wp-block-image aligncenter size-large\"><img loading=\"lazy\" decoding=\"async\" width=\"663\" height=\"1024\" src=\"https:\/\/jrjpvelardez.com\/wp-content\/uploads\/2025\/11\/Copia-de-El-cuaderno-rojo-663x1024.jpg\" alt=\"copia de el cuaderno rojo\" class=\"wp-image-2093\" title=\"LIBROS\" srcset=\"https:\/\/jrjpvelardez.com\/wp-content\/uploads\/2025\/11\/Copia-de-El-cuaderno-rojo-663x1024.jpg 663w, https:\/\/jrjpvelardez.com\/wp-content\/uploads\/2025\/11\/Copia-de-El-cuaderno-rojo-194x300.jpg 194w, https:\/\/jrjpvelardez.com\/wp-content\/uploads\/2025\/11\/Copia-de-El-cuaderno-rojo-768x1187.jpg 768w, https:\/\/jrjpvelardez.com\/wp-content\/uploads\/2025\/11\/Copia-de-El-cuaderno-rojo-994x1536.jpg 994w, https:\/\/jrjpvelardez.com\/wp-content\/uploads\/2025\/11\/Copia-de-El-cuaderno-rojo.jpg 1294w\" sizes=\"auto, (max-width: 663px) 100vw, 663px\" \/><\/figure>\n\n\n\n<h2 class=\"wp-block-heading\">SINOPSIS<\/h2>\n\n\n\n<p>Hay momentos que quiebran una vida.<br>Traiciones peque\u00f1as, silencios prolongados, decisiones que otros toman por uno.<br>Y un d\u00eda, sin aviso, todo cae.<\/p>\n\n\n\n<p>Tras una salida abrupta de su trabajo y la ruptura con su c\u00edrculo m\u00e1s cercano, el protagonista regresa a su casa vac\u00eda con una certeza: <strong>nadie vendr\u00e1 a salvarlo<\/strong>.<br><br>En ese silencio nace <em>El Cuaderno Rojo<\/em>: un registro \u00edntimo donde anota nombres, heridas, recuerdos y pistas. Al principio es solo un desahogo; pronto se convierte en un plan.<\/p>\n\n\n\n<p>Lo que empieza como un ejercicio de memoria se transforma en una reconstrucci\u00f3n personal\u2026 y en el dise\u00f1o meticuloso de una venganza.<br>Porque alguien debe responder por la ca\u00edda.<br>Porque decir la verdad, aunque duela, tambi\u00e9n puede ser un acto de justicia.<\/p>\n\n\n\n<p><em>El Cuaderno Rojo<\/em> es un relato breve, confesional y afilado sobre el poder, la traici\u00f3n y el precio de recuperar la voz propia.<\/p>\n\n\n\n<div style=\"height:60px\" aria-hidden=\"true\" class=\"wp-block-spacer\"><\/div>\n\n\n\n<div class=\"wp-block-buttons is-content-justification-center is-layout-flex wp-container-core-buttons-is-layout-a89b3969 wp-block-buttons-is-layout-flex\">\n<div class=\"wp-block-button has-custom-width wp-block-button__width-50\"><a class=\"wp-block-button__link wp-element-button\" href=\"https:\/\/a.co\/d\/6WPbSCu\">COMPRAR EN AMAZON<\/a><\/div>\n\n\n\n<div class=\"wp-block-button has-custom-width wp-block-button__width-50\"><a class=\"wp-block-button__link wp-element-button\" href=\"https:\/\/a.co\/d\/9HQ4h0i\">BUY ON AMAZON &#8211; ENGLISH VERSION<\/a><\/div>\n<\/div>\n\n\n\n<p><\/p>","protected":false},"excerpt":{"rendered":"<p>LIBROS COLAPSO Sinopsis Una muerte inexplicable.Una conciencia que despierta.Un secreto capaz de alterar el futuro de la humanidad. En Boston, el detective Thomas Mitchell investiga un suicidio que no encaja con nada que haya visto. Al mismo tiempo, en un laboratorio oculto, un equipo de cient\u00edficos activa un sistema capaz de pensar por s\u00ed mismo.Cuando [&hellip;]<\/p>","protected":false},"author":1,"featured_media":0,"parent":0,"menu_order":0,"comment_status":"closed","ping_status":"closed","template":"","meta":{"_uag_custom_page_level_css":"","site-sidebar-layout":"no-sidebar","site-content-layout":"plain-container","ast-site-content-layout":"normal-width-container","site-content-style":"unboxed","site-sidebar-style":"unboxed","ast-global-header-display":"","ast-banner-title-visibility":"","ast-main-header-display":"","ast-hfb-above-header-display":"","ast-hfb-below-header-display":"","ast-hfb-mobile-header-display":"","site-post-title":"disabled","ast-breadcrumbs-content":"","ast-featured-img":"disabled","footer-sml-layout":"","theme-transparent-header-meta":"enabled","adv-header-id-meta":"","stick-header-meta":"","header-above-stick-meta":"","header-main-stick-meta":"","header-below-stick-meta":"","astra-migrate-meta-layouts":"set","ast-page-background-enabled":"default","ast-page-background-meta":{"desktop":{"background-color":"","background-image":"","background-repeat":"repeat","background-position":"center center","background-size":"auto","background-attachment":"scroll","background-type":"","background-media":"","overlay-type":"","overlay-color":"","overlay-opacity":"","overlay-gradient":""},"tablet":{"background-color":"","background-image":"","background-repeat":"repeat","background-position":"center center","background-size":"auto","background-attachment":"scroll","background-type":"","background-media":"","overlay-type":"","overlay-color":"","overlay-opacity":"","overlay-gradient":""},"mobile":{"background-color":"","background-image":"","background-repeat":"repeat","background-position":"center center","background-size":"auto","background-attachment":"scroll","background-type":"","background-media":"","overlay-type":"","overlay-color":"","overlay-opacity":"","overlay-gradient":""}},"ast-content-background-meta":{"desktop":{"background-color":"var(--ast-global-color-5)","background-image":"","background-repeat":"repeat","background-position":"center center","background-size":"auto","background-attachment":"scroll","background-type":"","background-media":"","overlay-type":"","overlay-color":"","overlay-opacity":"","overlay-gradient":""},"tablet":{"background-color":"var(--ast-global-color-5)","background-image":"","background-repeat":"repeat","background-position":"center center","background-size":"auto","background-attachment":"scroll","background-type":"","background-media":"","overlay-type":"","overlay-color":"","overlay-opacity":"","overlay-gradient":""},"mobile":{"background-color":"var(--ast-global-color-5)","background-image":"","background-repeat":"repeat","background-position":"center center","background-size":"auto","background-attachment":"scroll","background-type":"","background-media":"","overlay-type":"","overlay-color":"","overlay-opacity":"","overlay-gradient":""}},"_kadence_starter_templates_imported_post":false,"footnotes":""},"class_list":["post-696","page","type-page","status-publish","hentry"],"aioseo_notices":[],"_hostinger_reach_plugin_has_subscription_block":false,"_hostinger_reach_plugin_is_elementor":false,"uagb_featured_image_src":{"full":false,"thumbnail":false,"medium":false,"medium_large":false,"large":false,"1536x1536":false,"2048x2048":false,"trp-custom-language-flag":false},"uagb_author_info":{"display_name":"j.r.velardez@gmail.com","author_link":"https:\/\/jrjpvelardez.com\/en\/author\/j-r-velardezgmail-com\/"},"uagb_comment_info":0,"uagb_excerpt":"LIBROS COLAPSO Sinopsis Una muerte inexplicable.Una conciencia que despierta.Un secreto capaz de alterar el futuro de la humanidad. En Boston, el detective Thomas Mitchell investiga un suicidio que no encaja con nada que haya visto. Al mismo tiempo, en un laboratorio oculto, un equipo de cient\u00edficos activa un sistema capaz de pensar por s\u00ed mismo.Cuando&hellip;","_links":{"self":[{"href":"https:\/\/jrjpvelardez.com\/en\/wp-json\/wp\/v2\/pages\/696","targetHints":{"allow":["GET"]}}],"collection":[{"href":"https:\/\/jrjpvelardez.com\/en\/wp-json\/wp\/v2\/pages"}],"about":[{"href":"https:\/\/jrjpvelardez.com\/en\/wp-json\/wp\/v2\/types\/page"}],"author":[{"embeddable":true,"href":"https:\/\/jrjpvelardez.com\/en\/wp-json\/wp\/v2\/users\/1"}],"replies":[{"embeddable":true,"href":"https:\/\/jrjpvelardez.com\/en\/wp-json\/wp\/v2\/comments?post=696"}],"version-history":[{"count":12,"href":"https:\/\/jrjpvelardez.com\/en\/wp-json\/wp\/v2\/pages\/696\/revisions"}],"predecessor-version":[{"id":2143,"href":"https:\/\/jrjpvelardez.com\/en\/wp-json\/wp\/v2\/pages\/696\/revisions\/2143"}],"wp:attachment":[{"href":"https:\/\/jrjpvelardez.com\/en\/wp-json\/wp\/v2\/media?parent=696"}],"curies":[{"name":"wp","href":"https:\/\/api.w.org\/{rel}","templated":true}]}}