{"id":694,"date":"2025-11-05T16:44:35","date_gmt":"2025-11-05T16:44:35","guid":{"rendered":"https:\/\/jrjpvelardez.com\/biography\/"},"modified":"2026-03-12T20:36:04","modified_gmt":"2026-03-12T20:36:04","slug":"biography","status":"publish","type":"page","link":"https:\/\/jrjpvelardez.com\/en\/biography\/","title":{"rendered":"Biography"},"content":{"rendered":"<div class=\"wp-block-uagb-container uagb-block-513d8c4c alignfull uagb-is-root-container\"><div class=\"uagb-container-inner-blocks-wrap\">\n<div class=\"wp-block-uagb-advanced-heading uagb-block-343b39c6\"><h2 class=\"uagb-heading-text\">Sobre los autores JR &amp; JP Vel\u00e1rdez<\/h2><\/div>\n\n\n\n<div class=\"wp-block-uagb-image uagb-block-cd440aaf wp-block-uagb-image--layout-default wp-block-uagb-image--effect-static wp-block-uagb-image--align-none\"><figure class=\"wp-block-uagb-image__figure\"><img decoding=\"async\" srcset=\"https:\/\/jrjpvelardez.com\/wp-content\/uploads\/2026\/03\/Authors_in_nighttime_street_scene_00cebd28e7-1024x572.jpeg ,https:\/\/jrjpvelardez.com\/wp-content\/uploads\/2026\/03\/Authors_in_nighttime_street_scene_00cebd28e7.jpeg 780w, https:\/\/jrjpvelardez.com\/wp-content\/uploads\/2026\/03\/Authors_in_nighttime_street_scene_00cebd28e7.jpeg 360w\" sizes=\"auto, (max-width: 480px) 150px\" src=\"https:\/\/jrjpvelardez.com\/wp-content\/uploads\/2026\/03\/Authors_in_nighttime_street_scene_00cebd28e7-1024x572.jpeg\" alt=\"authors in nighttime street scene 00cebd28e7\" class=\"uag-image-2139\" width=\"1024\" height=\"572\" title=\"authors in nighttime street scene 00cebd28e7\" loading=\"lazy\" role=\"img\"\/><\/figure><\/div>\n<\/div><\/div>\n\n\n\n<div class=\"wp-block-uagb-container uagb-block-1179214f alignfull uagb-is-root-container\"><div class=\"uagb-container-inner-blocks-wrap\">\n<div class=\"wp-block-uagb-advanced-heading uagb-block-ebbfa20d\"><h2 class=\"uagb-heading-text\">JR &amp; JP Vel\u00e1rdez<\/h2><p class=\"uagb-desc-text\"><strong>JR &amp; JP Vel\u00e1rdez<\/strong> son autores argentinos cuya obra explora los cruces entre historia, thriller y filosof\u00eda, combinando elementos de investigaci\u00f3n, memoria familiar y grandes enigmas del siglo XX y XXI.<br><br>Con <em>Colapso<\/em>, los hermanos abordaron uno de los dilemas centrales de nuestro tiempo: los l\u00edmites de la conciencia humana frente al surgimiento de inteligencias no humanas. La novela, publicada en espa\u00f1ol e ingl\u00e9s, mezcla ciencia, crimen y metaf\u00edsica para interrogar la identidad y el destino.<br><br><em>El Club<\/em>, su segundo libro, consolid\u00f3 su estilo narrativo: una historia que entrelaza aventura, pasado y presente, inspirada en hechos reales vinculados al R\u00edo de la Plata y al misterioso hundimiento del acorazado alem\u00e1n <em>Graf Spee<\/em>. La novela naci\u00f3 de una investigaci\u00f3n personal que los llev\u00f3 a reconstruir rutas familiares olvidadas y secretos que nunca entraron en los libros.<br><br>El sello de su escritura es la combinaci\u00f3n de tensi\u00f3n narrativa y profundidad emocional. Sus historias investigan la manera en que los actos del pasado\u2014individuales o colectivos\u2014modelan silenciosamente el presente.<br><br>En su obra, <strong>buscar la verdad nunca es un gesto inocente: puede ser el inicio de una ca\u00edda, una revelaci\u00f3n o una forma inesperada de redenci\u00f3n.<\/strong><\/p><\/div>\n\n\n\n<p><\/p>\n\n\n\n<p><\/p>\n<\/div><\/div>\n\n\n\n<p><\/p>","protected":false},"excerpt":{"rendered":"<p>Sobre los autores JR &amp; JP Vel\u00e1rdez JR &amp; JP Vel\u00e1rdez JR &amp; JP Vel\u00e1rdez son autores argentinos cuya obra explora los cruces entre historia, thriller y filosof\u00eda, combinando elementos de investigaci\u00f3n, memoria familiar y grandes enigmas del siglo XX y XXI. Con Colapso, los hermanos abordaron uno de los dilemas centrales de nuestro tiempo: [&hellip;]<\/p>","protected":false},"author":1,"featured_media":0,"parent":0,"menu_order":0,"comment_status":"closed","ping_status":"closed","template":"","meta":{"_uag_custom_page_level_css":"","site-sidebar-layout":"no-sidebar","site-content-layout":"page-builder","ast-site-content-layout":"full-width-container","site-content-style":"unboxed","site-sidebar-style":"unboxed","ast-global-header-display":"","ast-banner-title-visibility":"","ast-main-header-display":"","ast-hfb-above-header-display":"","ast-hfb-below-header-display":"","ast-hfb-mobile-header-display":"","site-post-title":"disabled","ast-breadcrumbs-content":"","ast-featured-img":"disabled","footer-sml-layout":"","theme-transparent-header-meta":"enabled","adv-header-id-meta":"","stick-header-meta":"","header-above-stick-meta":"","header-main-stick-meta":"","header-below-stick-meta":"","astra-migrate-meta-layouts":"set","ast-page-background-enabled":"default","ast-page-background-meta":{"desktop":{"background-color":"","background-image":"","background-repeat":"repeat","background-position":"center center","background-size":"auto","background-attachment":"scroll","background-type":"","background-media":"","overlay-type":"","overlay-color":"","overlay-opacity":"","overlay-gradient":""},"tablet":{"background-color":"","background-image":"","background-repeat":"repeat","background-position":"center center","background-size":"auto","background-attachment":"scroll","background-type":"","background-media":"","overlay-type":"","overlay-color":"","overlay-opacity":"","overlay-gradient":""},"mobile":{"background-color":"","background-image":"","background-repeat":"repeat","background-position":"center center","background-size":"auto","background-attachment":"scroll","background-type":"","background-media":"","overlay-type":"","overlay-color":"","overlay-opacity":"","overlay-gradient":""}},"ast-content-background-meta":{"desktop":{"background-color":"var(--ast-global-color-5)","background-image":"","background-repeat":"repeat","background-position":"center center","background-size":"auto","background-attachment":"scroll","background-type":"","background-media":"","overlay-type":"","overlay-color":"","overlay-opacity":"","overlay-gradient":""},"tablet":{"background-color":"var(--ast-global-color-5)","background-image":"","background-repeat":"repeat","background-position":"center center","background-size":"auto","background-attachment":"scroll","background-type":"","background-media":"","overlay-type":"","overlay-color":"","overlay-opacity":"","overlay-gradient":""},"mobile":{"background-color":"var(--ast-global-color-5)","background-image":"","background-repeat":"repeat","background-position":"center center","background-size":"auto","background-attachment":"scroll","background-type":"","background-media":"","overlay-type":"","overlay-color":"","overlay-opacity":"","overlay-gradient":""}},"_kadence_starter_templates_imported_post":false,"footnotes":""},"class_list":["post-694","page","type-page","status-publish","hentry"],"aioseo_notices":[],"_hostinger_reach_plugin_has_subscription_block":false,"_hostinger_reach_plugin_is_elementor":false,"uagb_featured_image_src":{"full":false,"thumbnail":false,"medium":false,"medium_large":false,"large":false,"1536x1536":false,"2048x2048":false,"trp-custom-language-flag":false},"uagb_author_info":{"display_name":"j.r.velardez@gmail.com","author_link":"https:\/\/jrjpvelardez.com\/en\/author\/j-r-velardezgmail-com\/"},"uagb_comment_info":0,"uagb_excerpt":"Sobre los autores JR &amp; JP Vel\u00e1rdez JR &amp; JP Vel\u00e1rdez JR &amp; JP Vel\u00e1rdez son autores argentinos cuya obra explora los cruces entre historia, thriller y filosof\u00eda, combinando elementos de investigaci\u00f3n, memoria familiar y grandes enigmas del siglo XX y XXI. Con Colapso, los hermanos abordaron uno de los dilemas centrales de nuestro tiempo:&hellip;","_links":{"self":[{"href":"https:\/\/jrjpvelardez.com\/en\/wp-json\/wp\/v2\/pages\/694","targetHints":{"allow":["GET"]}}],"collection":[{"href":"https:\/\/jrjpvelardez.com\/en\/wp-json\/wp\/v2\/pages"}],"about":[{"href":"https:\/\/jrjpvelardez.com\/en\/wp-json\/wp\/v2\/types\/page"}],"author":[{"embeddable":true,"href":"https:\/\/jrjpvelardez.com\/en\/wp-json\/wp\/v2\/users\/1"}],"replies":[{"embeddable":true,"href":"https:\/\/jrjpvelardez.com\/en\/wp-json\/wp\/v2\/comments?post=694"}],"version-history":[{"count":7,"href":"https:\/\/jrjpvelardez.com\/en\/wp-json\/wp\/v2\/pages\/694\/revisions"}],"predecessor-version":[{"id":2140,"href":"https:\/\/jrjpvelardez.com\/en\/wp-json\/wp\/v2\/pages\/694\/revisions\/2140"}],"wp:attachment":[{"href":"https:\/\/jrjpvelardez.com\/en\/wp-json\/wp\/v2\/media?parent=694"}],"curies":[{"name":"wp","href":"https:\/\/api.w.org\/{rel}","templated":true}]}}